{"id":24688,"date":"2024-05-29T12:23:40","date_gmt":"2024-05-29T10:23:40","guid":{"rendered":"https:\/\/kolekcjalwowska.uwr.edu.pl\/o-projekcie\/"},"modified":"2024-06-04T14:13:24","modified_gmt":"2024-06-04T12:13:24","slug":"o-projekcie","status":"publish","type":"page","link":"https:\/\/kolekcjalwowska.uwr.edu.pl\/en\/o-projekcie\/","title":{"rendered":"ABOUT PROJECT"},"content":{"rendered":"\n<div class=\"wp-block-ugb-container ugb-container blok_nowa_podstrona ugb-8dda971 ugb-container--v2 ugb-container--design-plain ugb-main-block\"><div class=\"ugb-inner-block\"><div class=\"ugb-block-content\"><div class=\"ugb-container__wrapper ugb-8dda971-wrapper\"><div class=\"ugb-container__side\"><div class=\"ugb-container__content-wrapper ugb-8dda971-content-wrapper\">\n<div class=\"wp-block-columns bs-news-page is-layout-flex wp-block-columns-is-layout-flex\">\n<div class=\"wp-block-column bs-kontakt-photo is-layout-flow wp-block-column-is-layout-flow\">\n<figure class=\"wp-block-image size-full\"><img loading=\"lazy\" decoding=\"async\" width=\"1920\" height=\"1080\" src=\"https:\/\/kolekcjalwowska.uwr.edu.pl\/wp-content\/uploads\/sites\/594\/2024\/05\/Lwow-sepia.png\" alt=\"Uniwersytet lwowski\" class=\"wp-image-24004\" srcset=\"https:\/\/kolekcjalwowska.uwr.edu.pl\/wp-content\/uploads\/sites\/594\/2024\/05\/Lwow-sepia.png 1920w, https:\/\/kolekcjalwowska.uwr.edu.pl\/wp-content\/uploads\/sites\/594\/2024\/05\/Lwow-sepia-300x169.png 300w, https:\/\/kolekcjalwowska.uwr.edu.pl\/wp-content\/uploads\/sites\/594\/2024\/05\/Lwow-sepia-1024x576.png 1024w, https:\/\/kolekcjalwowska.uwr.edu.pl\/wp-content\/uploads\/sites\/594\/2024\/05\/Lwow-sepia-768x432.png 768w, https:\/\/kolekcjalwowska.uwr.edu.pl\/wp-content\/uploads\/sites\/594\/2024\/05\/Lwow-sepia-1536x864.png 1536w, https:\/\/kolekcjalwowska.uwr.edu.pl\/wp-content\/uploads\/sites\/594\/2024\/05\/Lwow-sepia-1320x743.png 1320w, https:\/\/kolekcjalwowska.uwr.edu.pl\/wp-content\/uploads\/sites\/594\/2024\/05\/Lwow-sepia-24x14.png 24w, https:\/\/kolekcjalwowska.uwr.edu.pl\/wp-content\/uploads\/sites\/594\/2024\/05\/Lwow-sepia-36x20.png 36w, https:\/\/kolekcjalwowska.uwr.edu.pl\/wp-content\/uploads\/sites\/594\/2024\/05\/Lwow-sepia-48x27.png 48w\" sizes=\"auto, (max-width: 1920px) 100vw, 1920px\" \/><\/figure>\n<\/div>\n\n\n\n<div class=\"wp-block-column bs-contact-right-column is-layout-flow wp-block-column-is-layout-flow\">\n<div class=\"wp-block-bonasoft-modular-breadcrumbs-block\"><div class=\"bs_add_breadcrumb_trail\"><\/div><\/div>\n\n\n\n<hr class=\"wp-block-separator has-text-color has-black-color has-css-opacity has-black-background-color has-background is-style-wide bs-border-kontakt\"\/>\n\n\n<h1 style=\"font-style:normal;font-weight:700;\" class=\"bs-naglowek-podstrony wp-block-post-title\">ABOUT PROJECT<\/h1>\n\n\n<p>Over the centuries, the Lviv University (Jesuit Collegium, Jesuit Academy, Joseph II University, C. K. Emperor Franciszek I University, Franciscan University, Jan Kazimierz University, Ivan Franko University) was one of the most important scientific institutions in Europe. It has been permanently inscribed in the history of science and culture of Central and Eastern Europe and its heritage, which has been anchored in the past and has the impact on the present through its successors.<\/p>\n<\/div>\n<\/div>\n\n\n\n<div class=\"wp-block-ugb-container ugb-container bs-news-page-under ugb-f8694ce ugb-container--v2 ugb-container--design-plain ugb-main-block\"><div class=\"ugb-inner-block\"><div class=\"ugb-block-content\"><div class=\"ugb-container__wrapper ugb-f8694ce-wrapper\"><div class=\"ugb-container__side\"><div class=\"ugb-container__content-wrapper ugb-f8694ce-content-wrapper\">\n<p>The aim of the project&nbsp;<em>Alma Mater Leopoliensis. History of Lviv humanities 1661\u20131946<\/em>&nbsp;is to describe the importance of Lviv University as a scientific-research, educational, culture-creating and nation-building institution in particular historical periods through the prism of Lviv humanities, and to describe the history of humanities: the main directions of its development within particular discipline (incl. undertaken research topics, methodology), the role of Lviv humanities in the structure of the University itself and the achievements of Lviv scientists who not only have extensive knowledge of particular discipline or disciplines, often standing out for their erudition and versatility, but also are able to skillfully combine scientific interests with social and political issues which attract attention of Lviv intellectual community. Research on the history of humanities in Lviv will be partly pursued by the characterizing of the scientific achievements of particular people, tracing the scientific careers of outstanding scholars, experienced pedagogues and educators, writers and poets merited in culture, but also their scientific schools, seminars and laboratories.<\/p>\n\n\n\n<p>The project consists of documentary and editorial activities: digitization of source materials and scientific description of a database system based on them (the so-called Lviv collection), creation of a three-volume monograph with access to digital archives and an electronic database of publications on the history of the University of Lviv.<\/p>\n\n\n\n<p>The project\u2019s contractors are specialists from several research centers in Poland (Wroc\u0142aw, Warsaw, Krak\u00f3w, Rzesz\u00f3w), as well as in Ukraine (Lviv), whose scientific interests focus on the history of the University of Lviv. The project manager is prof. Anna D\u0105browska, and the team is managed directly by dr Helena Sojka-Masztalerz \u2013 both from the Institute of Polish Philology at the University of Wroc\u0142aw.<\/p>\n\n\n\n<p>The institutional participants of the project are: University of Wroclaw with the Wroc\u0142aw University Library and the Wroclaw Uniwersity Archives, Ivan Franko National University of Lviv together with the Archives of Ivan Franko National University of Lviv and the State Archives of Lviv Oblast<\/p>\n\n\n\n<p>The project is implemented as part of a competition announced by the Minister of Science and Higher Education under the name National Programme for the Development of Humanities \u2013 National Heritage I\/2017 on the basis of Decision 0170\/NPRH6\/H11\/85\/2018.<\/p>\n\n\n\n<p>Due to the hostilities in Ukraine, the implementation of the project has been extended until May 11, 2024.<\/p>\n<\/div><\/div><\/div><\/div><\/div><\/div>\n<\/div><\/div><\/div><\/div><\/div><\/div>\n","protected":false},"excerpt":{"rendered":"<p>Over the centuries, the Lviv University (Jesuit Collegium, Jesuit Academy, Joseph II University, C. K. Emperor Franciszek I University, Franciscan University, Jan Kazimierz University, Ivan Franko University) was one of the most important scientific institutions in Europe. It has been permanently inscribed in the history of science and culture of Central and Eastern Europe and [&hellip;]<\/p>\n","protected":false},"author":37,"featured_media":24007,"parent":0,"menu_order":0,"comment_status":"closed","ping_status":"closed","template":"","meta":{"_acf_changed":false,"inline_featured_image":false,"site-sidebar-layout":"default","site-content-layout":"","ast-site-content-layout":"default","site-content-style":"default","site-sidebar-style":"default","ast-global-header-display":"","ast-banner-title-visibility":"","ast-main-header-display":"","ast-hfb-above-header-display":"","ast-hfb-below-header-display":"","ast-hfb-mobile-header-display":"","site-post-title":"","ast-breadcrumbs-content":"","ast-featured-img":"","footer-sml-layout":"","ast-disable-related-posts":"","theme-transparent-header-meta":"","adv-header-id-meta":"","stick-header-meta":"","header-above-stick-meta":"","header-main-stick-meta":"","header-below-stick-meta":"","astra-migrate-meta-layouts":"set","ast-page-background-enabled":"default","ast-page-background-meta":{"desktop":{"background-color":"","background-image":"","background-repeat":"repeat","background-position":"center center","background-size":"auto","background-attachment":"scroll","background-type":"","background-media":"","overlay-type":"","overlay-color":"","overlay-opacity":"","overlay-gradient":""},"tablet":{"background-color":"","background-image":"","background-repeat":"repeat","background-position":"center center","background-size":"auto","background-attachment":"scroll","background-type":"","background-media":"","overlay-type":"","overlay-color":"","overlay-opacity":"","overlay-gradient":""},"mobile":{"background-color":"","background-image":"","background-repeat":"repeat","background-position":"center center","background-size":"auto","background-attachment":"scroll","background-type":"","background-media":"","overlay-type":"","overlay-color":"","overlay-opacity":"","overlay-gradient":""}},"ast-content-background-meta":{"desktop":{"background-color":"var(--ast-global-color-5)","background-image":"","background-repeat":"repeat","background-position":"center center","background-size":"auto","background-attachment":"scroll","background-type":"","background-media":"","overlay-type":"","overlay-color":"","overlay-opacity":"","overlay-gradient":""},"tablet":{"background-color":"var(--ast-global-color-5)","background-image":"","background-repeat":"repeat","background-position":"center center","background-size":"auto","background-attachment":"scroll","background-type":"","background-media":"","overlay-type":"","overlay-color":"","overlay-opacity":"","overlay-gradient":""},"mobile":{"background-color":"var(--ast-global-color-5)","background-image":"","background-repeat":"repeat","background-position":"center center","background-size":"auto","background-attachment":"scroll","background-type":"","background-media":"","overlay-type":"","overlay-color":"","overlay-opacity":"","overlay-gradient":""}},"footnotes":""},"categories":[],"tags":[],"class_list":["post-24688","page","type-page","status-publish","has-post-thumbnail","hentry"],"featured_image_urls_v2":{"full":["https:\/\/kolekcjalwowska.uwr.edu.pl\/wp-content\/uploads\/sites\/594\/2024\/05\/Lwow-sepia.png",1920,1080,false],"thumbnail":["https:\/\/kolekcjalwowska.uwr.edu.pl\/wp-content\/uploads\/sites\/594\/2024\/05\/Lwow-sepia-150x150.png",150,150,true],"medium":["https:\/\/kolekcjalwowska.uwr.edu.pl\/wp-content\/uploads\/sites\/594\/2024\/05\/Lwow-sepia-300x169.png",300,169,true],"medium_large":["https:\/\/kolekcjalwowska.uwr.edu.pl\/wp-content\/uploads\/sites\/594\/2024\/05\/Lwow-sepia-768x432.png",768,432,true],"large":["https:\/\/kolekcjalwowska.uwr.edu.pl\/wp-content\/uploads\/sites\/594\/2024\/05\/Lwow-sepia-1024x576.png",1024,576,true],"1536x1536":["https:\/\/kolekcjalwowska.uwr.edu.pl\/wp-content\/uploads\/sites\/594\/2024\/05\/Lwow-sepia-1536x864.png",1536,864,true],"2048x2048":["https:\/\/kolekcjalwowska.uwr.edu.pl\/wp-content\/uploads\/sites\/594\/2024\/05\/Lwow-sepia.png",1920,1080,false],"menu-24x24":["https:\/\/kolekcjalwowska.uwr.edu.pl\/wp-content\/uploads\/sites\/594\/2024\/05\/Lwow-sepia-24x14.png",24,14,true],"menu-36x36":["https:\/\/kolekcjalwowska.uwr.edu.pl\/wp-content\/uploads\/sites\/594\/2024\/05\/Lwow-sepia-36x20.png",36,20,true],"menu-48x48":["https:\/\/kolekcjalwowska.uwr.edu.pl\/wp-content\/uploads\/sites\/594\/2024\/05\/Lwow-sepia-48x27.png",48,27,true]},"post_excerpt_stackable_v2":"<p>ABOUT PROJECT Over the centuries, the Lviv University (Jesuit Collegium, Jesuit Academy, Joseph II University, C. K. Emperor Franciszek I University, Franciscan University, Jan Kazimierz University, Ivan Franko University) was one of the most important scientific institutions in Europe. It has been permanently inscribed in the history of science and culture of Central and Eastern Europe and its heritage, which has been anchored in the past and has the impact on the present through its successors. The aim of the project&nbsp;Alma Mater Leopoliensis. History of Lviv humanities 1661\u20131946&nbsp;is to describe the importance of Lviv University as a scientific-research, educational, culture-creating&hellip;<\/p>\n","category_list_v2":"Uncategorized","author_info_v2":{"name":"Izabela Jaraszek","url":"https:\/\/kolekcjalwowska.uwr.edu.pl\/en\/author\/ijaraszek\/"},"comments_num_v2":"0 comments","acf":[],"yoast_head":"<!-- This site is optimized with the Yoast SEO plugin v27.1.1 - https:\/\/yoast.com\/product\/yoast-seo-wordpress\/ -->\n<title>ABOUT PROJECT - Testowa Witryna<\/title>\n<meta name=\"robots\" content=\"index, follow, max-snippet:-1, max-image-preview:large, max-video-preview:-1\" \/>\n<link rel=\"canonical\" href=\"https:\/\/kolekcjalwowska.uwr.edu.pl\/en\/o-projekcie\/\" \/>\n<meta property=\"og:locale\" content=\"en_US\" \/>\n<meta property=\"og:type\" content=\"article\" \/>\n<meta property=\"og:title\" content=\"ABOUT PROJECT - Testowa Witryna\" \/>\n<meta property=\"og:description\" content=\"Over the centuries, the Lviv University (Jesuit Collegium, Jesuit Academy, Joseph II University, C. K. Emperor Franciszek I University, Franciscan University, Jan Kazimierz University, Ivan Franko University) was one of the most important scientific institutions in Europe. It has been permanently inscribed in the history of science and culture of Central and Eastern Europe and [&hellip;]\" \/>\n<meta property=\"og:url\" content=\"https:\/\/kolekcjalwowska.uwr.edu.pl\/en\/o-projekcie\/\" \/>\n<meta property=\"og:site_name\" content=\"Testowa Witryna\" \/>\n<meta property=\"article:modified_time\" content=\"2024-06-04T12:13:24+00:00\" \/>\n<meta property=\"og:image\" content=\"https:\/\/kolekcjalwowska.uwr.edu.pl\/wp-content\/uploads\/sites\/594\/2024\/05\/Lwow-sepia-1024x576.png\" \/>\n\t<meta property=\"og:image:width\" content=\"1024\" \/>\n\t<meta property=\"og:image:height\" content=\"576\" \/>\n\t<meta property=\"og:image:type\" content=\"image\/png\" \/>\n<meta name=\"twitter:card\" content=\"summary_large_image\" \/>\n<meta name=\"twitter:label1\" content=\"Est. reading time\" \/>\n\t<meta name=\"twitter:data1\" content=\"4 minutes\" \/>\n<script type=\"application\/ld+json\" class=\"yoast-schema-graph\">{\"@context\":\"https:\/\/schema.org\",\"@graph\":[{\"@type\":\"WebPage\",\"@id\":\"https:\/\/kolekcjalwowska.uwr.edu.pl\/en\/o-projekcie\/\",\"url\":\"https:\/\/kolekcjalwowska.uwr.edu.pl\/en\/o-projekcie\/\",\"name\":\"ABOUT PROJECT - Testowa Witryna\",\"isPartOf\":{\"@id\":\"https:\/\/kolekcjalwowska.uwr.edu.pl\/#website\"},\"primaryImageOfPage\":{\"@id\":\"https:\/\/kolekcjalwowska.uwr.edu.pl\/en\/o-projekcie\/#primaryimage\"},\"image\":{\"@id\":\"https:\/\/kolekcjalwowska.uwr.edu.pl\/en\/o-projekcie\/#primaryimage\"},\"thumbnailUrl\":\"https:\/\/kolekcjalwowska.uwr.edu.pl\/wp-content\/uploads\/sites\/594\/2024\/05\/Lwow-sepia.png\",\"datePublished\":\"2024-05-29T10:23:40+00:00\",\"dateModified\":\"2024-06-04T12:13:24+00:00\",\"breadcrumb\":{\"@id\":\"https:\/\/kolekcjalwowska.uwr.edu.pl\/en\/o-projekcie\/#breadcrumb\"},\"inLanguage\":\"en-US\",\"potentialAction\":[{\"@type\":\"ReadAction\",\"target\":[\"https:\/\/kolekcjalwowska.uwr.edu.pl\/en\/o-projekcie\/\"]}]},{\"@type\":\"ImageObject\",\"inLanguage\":\"en-US\",\"@id\":\"https:\/\/kolekcjalwowska.uwr.edu.pl\/en\/o-projekcie\/#primaryimage\",\"url\":\"https:\/\/kolekcjalwowska.uwr.edu.pl\/wp-content\/uploads\/sites\/594\/2024\/05\/Lwow-sepia.png\",\"contentUrl\":\"https:\/\/kolekcjalwowska.uwr.edu.pl\/wp-content\/uploads\/sites\/594\/2024\/05\/Lwow-sepia.png\",\"width\":1920,\"height\":1080,\"caption\":\"Uniwersytet lwowski\"},{\"@type\":\"BreadcrumbList\",\"@id\":\"https:\/\/kolekcjalwowska.uwr.edu.pl\/en\/o-projekcie\/#breadcrumb\",\"itemListElement\":[{\"@type\":\"ListItem\",\"position\":1,\"name\":\"Strona g\u0142\u00f3wna\",\"item\":\"https:\/\/kolekcjalwowska.uwr.edu.pl\/en\/\"},{\"@type\":\"ListItem\",\"position\":2,\"name\":\"ABOUT PROJECT\"}]},{\"@type\":\"WebSite\",\"@id\":\"https:\/\/kolekcjalwowska.uwr.edu.pl\/#website\",\"url\":\"https:\/\/kolekcjalwowska.uwr.edu.pl\/\",\"name\":\"Testowa Witryna\",\"description\":\"Kolejna witryna sieci \u201eUWR Witryny\u201d\",\"publisher\":{\"@id\":\"https:\/\/kolekcjalwowska.uwr.edu.pl\/#organization\"},\"potentialAction\":[{\"@type\":\"SearchAction\",\"target\":{\"@type\":\"EntryPoint\",\"urlTemplate\":\"https:\/\/kolekcjalwowska.uwr.edu.pl\/?s={search_term_string}\"},\"query-input\":{\"@type\":\"PropertyValueSpecification\",\"valueRequired\":true,\"valueName\":\"search_term_string\"}}],\"inLanguage\":\"en-US\"},{\"@type\":\"Organization\",\"@id\":\"https:\/\/kolekcjalwowska.uwr.edu.pl\/#organization\",\"name\":\"Testowa Witryna\",\"url\":\"https:\/\/kolekcjalwowska.uwr.edu.pl\/\",\"logo\":{\"@type\":\"ImageObject\",\"inLanguage\":\"en-US\",\"@id\":\"https:\/\/kolekcjalwowska.uwr.edu.pl\/#\/schema\/logo\/image\/\",\"url\":\"https:\/\/kolekcjalwowska.uwr.edu.pl\/wp-content\/uploads\/sites\/594\/2022\/06\/Warstwa_x0020_1@2x-1024x327-1.webp\",\"contentUrl\":\"https:\/\/kolekcjalwowska.uwr.edu.pl\/wp-content\/uploads\/sites\/594\/2022\/06\/Warstwa_x0020_1@2x-1024x327-1.webp\",\"width\":1024,\"height\":327,\"caption\":\"Testowa Witryna\"},\"image\":{\"@id\":\"https:\/\/kolekcjalwowska.uwr.edu.pl\/#\/schema\/logo\/image\/\"}}]}<\/script>\n<!-- \/ Yoast SEO plugin. -->","yoast_head_json":{"title":"ABOUT PROJECT - Testowa Witryna","robots":{"index":"index","follow":"follow","max-snippet":"max-snippet:-1","max-image-preview":"max-image-preview:large","max-video-preview":"max-video-preview:-1"},"canonical":"https:\/\/kolekcjalwowska.uwr.edu.pl\/en\/o-projekcie\/","og_locale":"en_US","og_type":"article","og_title":"ABOUT PROJECT - Testowa Witryna","og_description":"Over the centuries, the Lviv University (Jesuit Collegium, Jesuit Academy, Joseph II University, C. K. Emperor Franciszek I University, Franciscan University, Jan Kazimierz University, Ivan Franko University) was one of the most important scientific institutions in Europe. It has been permanently inscribed in the history of science and culture of Central and Eastern Europe and [&hellip;]","og_url":"https:\/\/kolekcjalwowska.uwr.edu.pl\/en\/o-projekcie\/","og_site_name":"Testowa Witryna","article_modified_time":"2024-06-04T12:13:24+00:00","og_image":[{"width":1024,"height":576,"url":"https:\/\/kolekcjalwowska.uwr.edu.pl\/wp-content\/uploads\/sites\/594\/2024\/05\/Lwow-sepia-1024x576.png","type":"image\/png"}],"twitter_card":"summary_large_image","twitter_misc":{"Est. reading time":"4 minutes"},"schema":{"@context":"https:\/\/schema.org","@graph":[{"@type":"WebPage","@id":"https:\/\/kolekcjalwowska.uwr.edu.pl\/en\/o-projekcie\/","url":"https:\/\/kolekcjalwowska.uwr.edu.pl\/en\/o-projekcie\/","name":"ABOUT PROJECT - Testowa Witryna","isPartOf":{"@id":"https:\/\/kolekcjalwowska.uwr.edu.pl\/#website"},"primaryImageOfPage":{"@id":"https:\/\/kolekcjalwowska.uwr.edu.pl\/en\/o-projekcie\/#primaryimage"},"image":{"@id":"https:\/\/kolekcjalwowska.uwr.edu.pl\/en\/o-projekcie\/#primaryimage"},"thumbnailUrl":"https:\/\/kolekcjalwowska.uwr.edu.pl\/wp-content\/uploads\/sites\/594\/2024\/05\/Lwow-sepia.png","datePublished":"2024-05-29T10:23:40+00:00","dateModified":"2024-06-04T12:13:24+00:00","breadcrumb":{"@id":"https:\/\/kolekcjalwowska.uwr.edu.pl\/en\/o-projekcie\/#breadcrumb"},"inLanguage":"en-US","potentialAction":[{"@type":"ReadAction","target":["https:\/\/kolekcjalwowska.uwr.edu.pl\/en\/o-projekcie\/"]}]},{"@type":"ImageObject","inLanguage":"en-US","@id":"https:\/\/kolekcjalwowska.uwr.edu.pl\/en\/o-projekcie\/#primaryimage","url":"https:\/\/kolekcjalwowska.uwr.edu.pl\/wp-content\/uploads\/sites\/594\/2024\/05\/Lwow-sepia.png","contentUrl":"https:\/\/kolekcjalwowska.uwr.edu.pl\/wp-content\/uploads\/sites\/594\/2024\/05\/Lwow-sepia.png","width":1920,"height":1080,"caption":"Uniwersytet lwowski"},{"@type":"BreadcrumbList","@id":"https:\/\/kolekcjalwowska.uwr.edu.pl\/en\/o-projekcie\/#breadcrumb","itemListElement":[{"@type":"ListItem","position":1,"name":"Strona g\u0142\u00f3wna","item":"https:\/\/kolekcjalwowska.uwr.edu.pl\/en\/"},{"@type":"ListItem","position":2,"name":"ABOUT PROJECT"}]},{"@type":"WebSite","@id":"https:\/\/kolekcjalwowska.uwr.edu.pl\/#website","url":"https:\/\/kolekcjalwowska.uwr.edu.pl\/","name":"Testowa Witryna","description":"Kolejna witryna sieci \u201eUWR Witryny\u201d","publisher":{"@id":"https:\/\/kolekcjalwowska.uwr.edu.pl\/#organization"},"potentialAction":[{"@type":"SearchAction","target":{"@type":"EntryPoint","urlTemplate":"https:\/\/kolekcjalwowska.uwr.edu.pl\/?s={search_term_string}"},"query-input":{"@type":"PropertyValueSpecification","valueRequired":true,"valueName":"search_term_string"}}],"inLanguage":"en-US"},{"@type":"Organization","@id":"https:\/\/kolekcjalwowska.uwr.edu.pl\/#organization","name":"Testowa Witryna","url":"https:\/\/kolekcjalwowska.uwr.edu.pl\/","logo":{"@type":"ImageObject","inLanguage":"en-US","@id":"https:\/\/kolekcjalwowska.uwr.edu.pl\/#\/schema\/logo\/image\/","url":"https:\/\/kolekcjalwowska.uwr.edu.pl\/wp-content\/uploads\/sites\/594\/2022\/06\/Warstwa_x0020_1@2x-1024x327-1.webp","contentUrl":"https:\/\/kolekcjalwowska.uwr.edu.pl\/wp-content\/uploads\/sites\/594\/2022\/06\/Warstwa_x0020_1@2x-1024x327-1.webp","width":1024,"height":327,"caption":"Testowa Witryna"},"image":{"@id":"https:\/\/kolekcjalwowska.uwr.edu.pl\/#\/schema\/logo\/image\/"}}]}},"publishpress_future_action":{"enabled":false,"date":"2026-05-20 04:11:31","action":"change-status","newStatus":"draft","terms":[],"taxonomy":"category","extraData":[]},"publishpress_future_workflow_manual_trigger":{"enabledWorkflows":[]},"_links":{"self":[{"href":"https:\/\/kolekcjalwowska.uwr.edu.pl\/en\/wp-json\/wp\/v2\/pages\/24688\/"}],"collection":[{"href":"https:\/\/kolekcjalwowska.uwr.edu.pl\/en\/wp-json\/wp\/v2\/pages\/"}],"about":[{"href":"https:\/\/kolekcjalwowska.uwr.edu.pl\/en\/wp-json\/wp\/v2\/types\/page\/"}],"author":[{"embeddable":true,"href":"https:\/\/kolekcjalwowska.uwr.edu.pl\/en\/wp-json\/wp\/v2\/users\/37\/"}],"replies":[{"embeddable":true,"href":"https:\/\/kolekcjalwowska.uwr.edu.pl\/en\/wp-json\/wp\/v2\/comments\/?post=24688"}],"version-history":[{"count":1,"href":"https:\/\/kolekcjalwowska.uwr.edu.pl\/en\/wp-json\/wp\/v2\/pages\/24688\/revisions\/"}],"predecessor-version":[{"id":25087,"href":"https:\/\/kolekcjalwowska.uwr.edu.pl\/en\/wp-json\/wp\/v2\/pages\/24688\/revisions\/25087\/"}],"wp:featuredmedia":[{"embeddable":true,"href":"https:\/\/kolekcjalwowska.uwr.edu.pl\/en\/wp-json\/wp\/v2\/media\/24007\/"}],"wp:attachment":[{"href":"https:\/\/kolekcjalwowska.uwr.edu.pl\/en\/wp-json\/wp\/v2\/media\/?parent=24688"}],"wp:term":[{"taxonomy":"category","embeddable":true,"href":"https:\/\/kolekcjalwowska.uwr.edu.pl\/en\/wp-json\/wp\/v2\/categories\/?post=24688"},{"taxonomy":"post_tag","embeddable":true,"href":"https:\/\/kolekcjalwowska.uwr.edu.pl\/en\/wp-json\/wp\/v2\/tags\/?post=24688"}],"curies":[{"name":"wp","href":"https:\/\/api.w.org\/{rel}","templated":true}]}}