{"id":24724,"date":"2024-05-29T13:27:45","date_gmt":"2024-05-29T11:27:45","guid":{"rendered":"https:\/\/kolekcjalwowska.uwr.edu.pl\/materialy\/"},"modified":"2024-06-05T11:26:24","modified_gmt":"2024-06-05T09:26:24","slug":"materialy","status":"publish","type":"page","link":"https:\/\/kolekcjalwowska.uwr.edu.pl\/en\/materialy\/","title":{"rendered":"MATERIALS"},"content":{"rendered":"\n<div class=\"wp-block-ugb-container ugb-container blok_nowa_podstrona ugb-8dda971 ugb-container--v2 ugb-container--design-plain ugb-main-block\"><div class=\"ugb-inner-block\"><div class=\"ugb-block-content\"><div class=\"ugb-container__wrapper ugb-8dda971-wrapper\"><div class=\"ugb-container__side\"><div class=\"ugb-container__content-wrapper ugb-8dda971-content-wrapper\">\n<div class=\"wp-block-columns bs-news-page is-layout-flex wp-block-columns-is-layout-flex\">\n<div class=\"wp-block-column bs-kontakt-photo is-layout-flow wp-block-column-is-layout-flow\">\n<figure class=\"wp-block-image size-full\"><img loading=\"lazy\" decoding=\"async\" width=\"1920\" height=\"1080\" src=\"https:\/\/kolekcjalwowska.uwr.edu.pl\/wp-content\/uploads\/sites\/594\/2024\/05\/Lwow-3-sepia.png\" alt=\"Uniwersytet Lwowski\" class=\"wp-image-24154\" srcset=\"https:\/\/kolekcjalwowska.uwr.edu.pl\/wp-content\/uploads\/sites\/594\/2024\/05\/Lwow-3-sepia.png 1920w, https:\/\/kolekcjalwowska.uwr.edu.pl\/wp-content\/uploads\/sites\/594\/2024\/05\/Lwow-3-sepia-300x169.png 300w, https:\/\/kolekcjalwowska.uwr.edu.pl\/wp-content\/uploads\/sites\/594\/2024\/05\/Lwow-3-sepia-1024x576.png 1024w, https:\/\/kolekcjalwowska.uwr.edu.pl\/wp-content\/uploads\/sites\/594\/2024\/05\/Lwow-3-sepia-768x432.png 768w, https:\/\/kolekcjalwowska.uwr.edu.pl\/wp-content\/uploads\/sites\/594\/2024\/05\/Lwow-3-sepia-1536x864.png 1536w, https:\/\/kolekcjalwowska.uwr.edu.pl\/wp-content\/uploads\/sites\/594\/2024\/05\/Lwow-3-sepia-1320x743.png 1320w, https:\/\/kolekcjalwowska.uwr.edu.pl\/wp-content\/uploads\/sites\/594\/2024\/05\/Lwow-3-sepia-24x14.png 24w, https:\/\/kolekcjalwowska.uwr.edu.pl\/wp-content\/uploads\/sites\/594\/2024\/05\/Lwow-3-sepia-36x20.png 36w, https:\/\/kolekcjalwowska.uwr.edu.pl\/wp-content\/uploads\/sites\/594\/2024\/05\/Lwow-3-sepia-48x27.png 48w\" sizes=\"auto, (max-width: 1920px) 100vw, 1920px\" \/><\/figure>\n<\/div>\n\n\n\n<div class=\"wp-block-column bs-contact-right-column is-layout-flow wp-block-column-is-layout-flow\">\n<div class=\"wp-block-bonasoft-modular-breadcrumbs-block\"><div class=\"bs_add_breadcrumb_trail\"><\/div><\/div>\n\n\n\n<hr class=\"wp-block-separator has-text-color has-black-color has-css-opacity has-black-background-color has-background is-style-wide bs-border-kontakt\"\/>\n\n\n<h1 style=\"font-style:normal;font-weight:700;\" class=\"bs-naglowek-podstrony wp-block-post-title\">MATERIALS<\/h1>\n\n\n<p>In this part of the website we will present and describe the source material used in the monograph, which is the basis of the database system \u2013 the so-called Lviv collection.<\/p>\n\n\n<ul class=\"bs-pageList-container\">\n\n           \n        <a class=\"bs-pageList-linked\" href=\"https:\/\/kolekcjalwowska.uwr.edu.pl\/en\/materialy\/monografia\/\">\n        <li>\n        <div class=\"parent-page\">\n            <p> \n                MONOGRAPH            <\/p>\n            <div class=\"bs-links-icon\">\n            <svg width=\"40px\" height=\"40px\" viewBox=\"0 0 22 16\" version=\"1.1\"><g stroke=\"none\" strokewidth=\"1\" fill=\"white\" fillrule=\"evenodd\"><g><polygon points=\"13.4875 0 12 1.6215 18.7875 8 12 14.3795 13.4875 16 21.9995 8\"><\/polygon><\/g><\/g><\/svg>\n        <\/div>\n        <\/div>\n        <\/li>\n    <\/a>\n  \n       \n        <a class=\"bs-pageList-linked\" href=\"https:\/\/kolekcjalwowska.uwr.edu.pl\/en\/materialy\/inwentarz\/\">\n        <li>\n        <div class=\"parent-page\">\n            <p> \n                INVENTORY            <\/p>\n            <div class=\"bs-links-icon\">\n            <svg width=\"40px\" height=\"40px\" viewBox=\"0 0 22 16\" version=\"1.1\"><g stroke=\"none\" strokewidth=\"1\" fill=\"white\" fillrule=\"evenodd\"><g><polygon points=\"13.4875 0 12 1.6215 18.7875 8 12 14.3795 13.4875 16 21.9995 8\"><\/polygon><\/g><\/g><\/svg>\n        <\/div>\n        <\/div>\n        <\/li>\n    <\/a>\n  \n       \n        <a class=\"bs-pageList-linked\" href=\"https:\/\/kolekcjalwowska.uwr.edu.pl\/en\/materialy\/biografie\/\">\n        <li>\n        <div class=\"parent-page\">\n            <p> \n                BIOGRAPHIES            <\/p>\n            <div class=\"bs-links-icon\">\n            <svg width=\"40px\" height=\"40px\" viewBox=\"0 0 22 16\" version=\"1.1\"><g stroke=\"none\" strokewidth=\"1\" fill=\"white\" fillrule=\"evenodd\"><g><polygon points=\"13.4875 0 12 1.6215 18.7875 8 12 14.3795 13.4875 16 21.9995 8\"><\/polygon><\/g><\/g><\/svg>\n        <\/div>\n        <\/div>\n        <\/li>\n    <\/a>\n  \n\n    <\/ul>\n<\/div>\n<\/div>\n\n\n\n<div class=\"wp-block-ugb-container ugb-container bs-news-page-under ugb-f8694ce ugb-container--v2 ugb-container--design-plain ugb-main-block\"><div class=\"ugb-inner-block\"><div class=\"ugb-block-content\"><div class=\"ugb-container__wrapper ugb-f8694ce-wrapper\"><div class=\"ugb-container__side\"><div class=\"ugb-container__content-wrapper ugb-f8694ce-content-wrapper\">\n<p>The basic resource of information is the latest collective work&nbsp;<em>Academia Militans<\/em>.&nbsp;<em>Jan Kazimierz University in Lviv<\/em>&nbsp;(Krak\u00f3w 2015) written under the direction of Adam Redzik, as well as Mariusz Chrostek\u2019s book&nbsp;<em>Golden Years of Polish Studies in Lviv (1919\u20131939<\/em>) (Rzesz\u00f3w 2016) and publications:&nbsp;<em>The History of Lviv University<\/em>. Vol. 1\u20132 (Lviv, 1894), developed by Ludwik Finkel and Stanis\u0142aw Starzy\u0144ski, two extensive publications prepared by Ludwik Finkel and Marceli Chlamtacz,&nbsp;<em>Chronicle of the Lviv University<\/em>, which concerns the years 1894\u20121898, and Wiktor Hahn\u2019s&nbsp;<em>Chronicle of the Lviv University&nbsp;<\/em>for the years 1898\u20121910.<\/p>\n\n\n\n<p>The starting point for the development of the database system is the&nbsp;<em>Inventory of the faculties and studies of the Jan Kazimierz University in Lviv until 1939<\/em>&nbsp;(Krak\u00f3w 2010), developed and published by J\u00f3zef Wo\u0142cza\u0144ski, and documents of the R-119 team of the Lviv State University for the years 1939\u20121945, developed under the direction of Vasil Herun.<\/p>\n\n\n\n<p>In the&nbsp;<strong><em>Application form \u2013 archival item<\/em><\/strong>&nbsp;section we would like to enable collecting and sharing personal documents of former employees of the Lviv University (until 1946), which are in private collections and have not been published so far.<\/p>\n<\/div><\/div><\/div><\/div><\/div><\/div>\n<\/div><\/div><\/div><\/div><\/div><\/div>\n","protected":false},"excerpt":{"rendered":"<p>In this part of the website we will present and describe the source material used in the monograph, which is the basis of the database system \u2013 the so-called Lviv collection. The basic resource of information is the latest collective work&nbsp;Academia Militans.&nbsp;Jan Kazimierz University in Lviv&nbsp;(Krak\u00f3w 2015) written under the direction of Adam Redzik, as [&hellip;]<\/p>\n","protected":false},"author":37,"featured_media":24157,"parent":0,"menu_order":0,"comment_status":"closed","ping_status":"closed","template":"","meta":{"_acf_changed":false,"inline_featured_image":false,"site-sidebar-layout":"default","site-content-layout":"","ast-site-content-layout":"default","site-content-style":"default","site-sidebar-style":"default","ast-global-header-display":"","ast-banner-title-visibility":"","ast-main-header-display":"","ast-hfb-above-header-display":"","ast-hfb-below-header-display":"","ast-hfb-mobile-header-display":"","site-post-title":"","ast-breadcrumbs-content":"","ast-featured-img":"","footer-sml-layout":"","ast-disable-related-posts":"","theme-transparent-header-meta":"","adv-header-id-meta":"","stick-header-meta":"","header-above-stick-meta":"","header-main-stick-meta":"","header-below-stick-meta":"","astra-migrate-meta-layouts":"set","ast-page-background-enabled":"default","ast-page-background-meta":{"desktop":{"background-color":"","background-image":"","background-repeat":"repeat","background-position":"center center","background-size":"auto","background-attachment":"scroll","background-type":"","background-media":"","overlay-type":"","overlay-color":"","overlay-opacity":"","overlay-gradient":""},"tablet":{"background-color":"","background-image":"","background-repeat":"repeat","background-position":"center center","background-size":"auto","background-attachment":"scroll","background-type":"","background-media":"","overlay-type":"","overlay-color":"","overlay-opacity":"","overlay-gradient":""},"mobile":{"background-color":"","background-image":"","background-repeat":"repeat","background-position":"center center","background-size":"auto","background-attachment":"scroll","background-type":"","background-media":"","overlay-type":"","overlay-color":"","overlay-opacity":"","overlay-gradient":""}},"ast-content-background-meta":{"desktop":{"background-color":"var(--ast-global-color-5)","background-image":"","background-repeat":"repeat","background-position":"center center","background-size":"auto","background-attachment":"scroll","background-type":"","background-media":"","overlay-type":"","overlay-color":"","overlay-opacity":"","overlay-gradient":""},"tablet":{"background-color":"var(--ast-global-color-5)","background-image":"","background-repeat":"repeat","background-position":"center center","background-size":"auto","background-attachment":"scroll","background-type":"","background-media":"","overlay-type":"","overlay-color":"","overlay-opacity":"","overlay-gradient":""},"mobile":{"background-color":"var(--ast-global-color-5)","background-image":"","background-repeat":"repeat","background-position":"center center","background-size":"auto","background-attachment":"scroll","background-type":"","background-media":"","overlay-type":"","overlay-color":"","overlay-opacity":"","overlay-gradient":""}},"footnotes":""},"categories":[],"tags":[],"class_list":["post-24724","page","type-page","status-publish","has-post-thumbnail","hentry"],"featured_image_urls_v2":{"full":["https:\/\/kolekcjalwowska.uwr.edu.pl\/wp-content\/uploads\/sites\/594\/2024\/05\/Lwow-3-sepia.png",1920,1080,false],"thumbnail":["https:\/\/kolekcjalwowska.uwr.edu.pl\/wp-content\/uploads\/sites\/594\/2024\/05\/Lwow-3-sepia-150x150.png",150,150,true],"medium":["https:\/\/kolekcjalwowska.uwr.edu.pl\/wp-content\/uploads\/sites\/594\/2024\/05\/Lwow-3-sepia-300x169.png",300,169,true],"medium_large":["https:\/\/kolekcjalwowska.uwr.edu.pl\/wp-content\/uploads\/sites\/594\/2024\/05\/Lwow-3-sepia-768x432.png",768,432,true],"large":["https:\/\/kolekcjalwowska.uwr.edu.pl\/wp-content\/uploads\/sites\/594\/2024\/05\/Lwow-3-sepia-1024x576.png",1024,576,true],"1536x1536":["https:\/\/kolekcjalwowska.uwr.edu.pl\/wp-content\/uploads\/sites\/594\/2024\/05\/Lwow-3-sepia-1536x864.png",1536,864,true],"2048x2048":["https:\/\/kolekcjalwowska.uwr.edu.pl\/wp-content\/uploads\/sites\/594\/2024\/05\/Lwow-3-sepia.png",1920,1080,false],"menu-24x24":["https:\/\/kolekcjalwowska.uwr.edu.pl\/wp-content\/uploads\/sites\/594\/2024\/05\/Lwow-3-sepia-24x14.png",24,14,true],"menu-36x36":["https:\/\/kolekcjalwowska.uwr.edu.pl\/wp-content\/uploads\/sites\/594\/2024\/05\/Lwow-3-sepia-36x20.png",36,20,true],"menu-48x48":["https:\/\/kolekcjalwowska.uwr.edu.pl\/wp-content\/uploads\/sites\/594\/2024\/05\/Lwow-3-sepia-48x27.png",48,27,true]},"post_excerpt_stackable_v2":"<p>MATERIALS In this part of the website we will present and describe the source material used in the monograph, which is the basis of the database system \u2013 the so-called Lviv collection. MONOGRAPH INVENTORY BIOGRAPHIES The basic resource of information is the latest collective work&nbsp;Academia Militans.&nbsp;Jan Kazimierz University in Lviv&nbsp;(Krak\u00f3w 2015) written under the direction of Adam Redzik, as well as Mariusz Chrostek\u2019s book&nbsp;Golden Years of Polish Studies in Lviv (1919\u20131939) (Rzesz\u00f3w 2016) and publications:&nbsp;The History of Lviv University. Vol. 1\u20132 (Lviv, 1894), developed by Ludwik Finkel and Stanis\u0142aw Starzy\u0144ski, two extensive publications prepared by Ludwik Finkel and Marceli Chlamtacz,&nbsp;Chronicle&hellip;<\/p>\n","category_list_v2":"Uncategorized","author_info_v2":{"name":"Izabela Jaraszek","url":"https:\/\/kolekcjalwowska.uwr.edu.pl\/en\/author\/ijaraszek\/"},"comments_num_v2":"0 comments","acf":[],"yoast_head":"<!-- This site is optimized with the Yoast SEO plugin v27.1.1 - https:\/\/yoast.com\/product\/yoast-seo-wordpress\/ -->\n<title>MATERIALS - Testowa Witryna<\/title>\n<meta name=\"robots\" content=\"index, follow, max-snippet:-1, max-image-preview:large, max-video-preview:-1\" \/>\n<link rel=\"canonical\" href=\"https:\/\/kolekcjalwowska.uwr.edu.pl\/en\/materialy\/\" \/>\n<meta property=\"og:locale\" content=\"en_US\" \/>\n<meta property=\"og:type\" content=\"article\" \/>\n<meta property=\"og:title\" content=\"MATERIALS - Testowa Witryna\" \/>\n<meta property=\"og:description\" content=\"In this part of the website we will present and describe the source material used in the monograph, which is the basis of the database system \u2013 the so-called Lviv collection. The basic resource of information is the latest collective work&nbsp;Academia Militans.&nbsp;Jan Kazimierz University in Lviv&nbsp;(Krak\u00f3w 2015) written under the direction of Adam Redzik, as [&hellip;]\" \/>\n<meta property=\"og:url\" content=\"https:\/\/kolekcjalwowska.uwr.edu.pl\/en\/materialy\/\" \/>\n<meta property=\"og:site_name\" content=\"Testowa Witryna\" \/>\n<meta property=\"article:modified_time\" content=\"2024-06-05T09:26:24+00:00\" \/>\n<meta property=\"og:image\" content=\"https:\/\/kolekcjalwowska.uwr.edu.pl\/wp-content\/uploads\/sites\/594\/2024\/05\/Lwow-3-sepia-1024x576.png\" \/>\n\t<meta property=\"og:image:width\" content=\"1024\" \/>\n\t<meta property=\"og:image:height\" content=\"576\" \/>\n\t<meta property=\"og:image:type\" content=\"image\/png\" \/>\n<meta name=\"twitter:card\" content=\"summary_large_image\" \/>\n<meta name=\"twitter:label1\" content=\"Est. reading time\" \/>\n\t<meta name=\"twitter:data1\" content=\"2 minutes\" \/>\n<script type=\"application\/ld+json\" class=\"yoast-schema-graph\">{\"@context\":\"https:\/\/schema.org\",\"@graph\":[{\"@type\":\"WebPage\",\"@id\":\"https:\/\/kolekcjalwowska.uwr.edu.pl\/en\/materialy\/\",\"url\":\"https:\/\/kolekcjalwowska.uwr.edu.pl\/en\/materialy\/\",\"name\":\"MATERIALS - Testowa Witryna\",\"isPartOf\":{\"@id\":\"https:\/\/kolekcjalwowska.uwr.edu.pl\/#website\"},\"primaryImageOfPage\":{\"@id\":\"https:\/\/kolekcjalwowska.uwr.edu.pl\/en\/materialy\/#primaryimage\"},\"image\":{\"@id\":\"https:\/\/kolekcjalwowska.uwr.edu.pl\/en\/materialy\/#primaryimage\"},\"thumbnailUrl\":\"https:\/\/kolekcjalwowska.uwr.edu.pl\/wp-content\/uploads\/sites\/594\/2024\/05\/Lwow-3-sepia.png\",\"datePublished\":\"2024-05-29T11:27:45+00:00\",\"dateModified\":\"2024-06-05T09:26:24+00:00\",\"breadcrumb\":{\"@id\":\"https:\/\/kolekcjalwowska.uwr.edu.pl\/en\/materialy\/#breadcrumb\"},\"inLanguage\":\"en-US\",\"potentialAction\":[{\"@type\":\"ReadAction\",\"target\":[\"https:\/\/kolekcjalwowska.uwr.edu.pl\/en\/materialy\/\"]}]},{\"@type\":\"ImageObject\",\"inLanguage\":\"en-US\",\"@id\":\"https:\/\/kolekcjalwowska.uwr.edu.pl\/en\/materialy\/#primaryimage\",\"url\":\"https:\/\/kolekcjalwowska.uwr.edu.pl\/wp-content\/uploads\/sites\/594\/2024\/05\/Lwow-3-sepia.png\",\"contentUrl\":\"https:\/\/kolekcjalwowska.uwr.edu.pl\/wp-content\/uploads\/sites\/594\/2024\/05\/Lwow-3-sepia.png\",\"width\":1920,\"height\":1080,\"caption\":\"Uniwersytet Lwowski\"},{\"@type\":\"BreadcrumbList\",\"@id\":\"https:\/\/kolekcjalwowska.uwr.edu.pl\/en\/materialy\/#breadcrumb\",\"itemListElement\":[{\"@type\":\"ListItem\",\"position\":1,\"name\":\"Strona g\u0142\u00f3wna\",\"item\":\"https:\/\/kolekcjalwowska.uwr.edu.pl\/en\/\"},{\"@type\":\"ListItem\",\"position\":2,\"name\":\"MATERIALS\"}]},{\"@type\":\"WebSite\",\"@id\":\"https:\/\/kolekcjalwowska.uwr.edu.pl\/#website\",\"url\":\"https:\/\/kolekcjalwowska.uwr.edu.pl\/\",\"name\":\"Testowa Witryna\",\"description\":\"Kolejna witryna sieci \u201eUWR Witryny\u201d\",\"publisher\":{\"@id\":\"https:\/\/kolekcjalwowska.uwr.edu.pl\/#organization\"},\"potentialAction\":[{\"@type\":\"SearchAction\",\"target\":{\"@type\":\"EntryPoint\",\"urlTemplate\":\"https:\/\/kolekcjalwowska.uwr.edu.pl\/?s={search_term_string}\"},\"query-input\":{\"@type\":\"PropertyValueSpecification\",\"valueRequired\":true,\"valueName\":\"search_term_string\"}}],\"inLanguage\":\"en-US\"},{\"@type\":\"Organization\",\"@id\":\"https:\/\/kolekcjalwowska.uwr.edu.pl\/#organization\",\"name\":\"Testowa Witryna\",\"url\":\"https:\/\/kolekcjalwowska.uwr.edu.pl\/\",\"logo\":{\"@type\":\"ImageObject\",\"inLanguage\":\"en-US\",\"@id\":\"https:\/\/kolekcjalwowska.uwr.edu.pl\/#\/schema\/logo\/image\/\",\"url\":\"https:\/\/kolekcjalwowska.uwr.edu.pl\/wp-content\/uploads\/sites\/594\/2022\/06\/Warstwa_x0020_1@2x-1024x327-1.webp\",\"contentUrl\":\"https:\/\/kolekcjalwowska.uwr.edu.pl\/wp-content\/uploads\/sites\/594\/2022\/06\/Warstwa_x0020_1@2x-1024x327-1.webp\",\"width\":1024,\"height\":327,\"caption\":\"Testowa Witryna\"},\"image\":{\"@id\":\"https:\/\/kolekcjalwowska.uwr.edu.pl\/#\/schema\/logo\/image\/\"}}]}<\/script>\n<!-- \/ Yoast SEO plugin. -->","yoast_head_json":{"title":"MATERIALS - Testowa Witryna","robots":{"index":"index","follow":"follow","max-snippet":"max-snippet:-1","max-image-preview":"max-image-preview:large","max-video-preview":"max-video-preview:-1"},"canonical":"https:\/\/kolekcjalwowska.uwr.edu.pl\/en\/materialy\/","og_locale":"en_US","og_type":"article","og_title":"MATERIALS - Testowa Witryna","og_description":"In this part of the website we will present and describe the source material used in the monograph, which is the basis of the database system \u2013 the so-called Lviv collection. The basic resource of information is the latest collective work&nbsp;Academia Militans.&nbsp;Jan Kazimierz University in Lviv&nbsp;(Krak\u00f3w 2015) written under the direction of Adam Redzik, as [&hellip;]","og_url":"https:\/\/kolekcjalwowska.uwr.edu.pl\/en\/materialy\/","og_site_name":"Testowa Witryna","article_modified_time":"2024-06-05T09:26:24+00:00","og_image":[{"width":1024,"height":576,"url":"https:\/\/kolekcjalwowska.uwr.edu.pl\/wp-content\/uploads\/sites\/594\/2024\/05\/Lwow-3-sepia-1024x576.png","type":"image\/png"}],"twitter_card":"summary_large_image","twitter_misc":{"Est. reading time":"2 minutes"},"schema":{"@context":"https:\/\/schema.org","@graph":[{"@type":"WebPage","@id":"https:\/\/kolekcjalwowska.uwr.edu.pl\/en\/materialy\/","url":"https:\/\/kolekcjalwowska.uwr.edu.pl\/en\/materialy\/","name":"MATERIALS - Testowa Witryna","isPartOf":{"@id":"https:\/\/kolekcjalwowska.uwr.edu.pl\/#website"},"primaryImageOfPage":{"@id":"https:\/\/kolekcjalwowska.uwr.edu.pl\/en\/materialy\/#primaryimage"},"image":{"@id":"https:\/\/kolekcjalwowska.uwr.edu.pl\/en\/materialy\/#primaryimage"},"thumbnailUrl":"https:\/\/kolekcjalwowska.uwr.edu.pl\/wp-content\/uploads\/sites\/594\/2024\/05\/Lwow-3-sepia.png","datePublished":"2024-05-29T11:27:45+00:00","dateModified":"2024-06-05T09:26:24+00:00","breadcrumb":{"@id":"https:\/\/kolekcjalwowska.uwr.edu.pl\/en\/materialy\/#breadcrumb"},"inLanguage":"en-US","potentialAction":[{"@type":"ReadAction","target":["https:\/\/kolekcjalwowska.uwr.edu.pl\/en\/materialy\/"]}]},{"@type":"ImageObject","inLanguage":"en-US","@id":"https:\/\/kolekcjalwowska.uwr.edu.pl\/en\/materialy\/#primaryimage","url":"https:\/\/kolekcjalwowska.uwr.edu.pl\/wp-content\/uploads\/sites\/594\/2024\/05\/Lwow-3-sepia.png","contentUrl":"https:\/\/kolekcjalwowska.uwr.edu.pl\/wp-content\/uploads\/sites\/594\/2024\/05\/Lwow-3-sepia.png","width":1920,"height":1080,"caption":"Uniwersytet Lwowski"},{"@type":"BreadcrumbList","@id":"https:\/\/kolekcjalwowska.uwr.edu.pl\/en\/materialy\/#breadcrumb","itemListElement":[{"@type":"ListItem","position":1,"name":"Strona g\u0142\u00f3wna","item":"https:\/\/kolekcjalwowska.uwr.edu.pl\/en\/"},{"@type":"ListItem","position":2,"name":"MATERIALS"}]},{"@type":"WebSite","@id":"https:\/\/kolekcjalwowska.uwr.edu.pl\/#website","url":"https:\/\/kolekcjalwowska.uwr.edu.pl\/","name":"Testowa Witryna","description":"Kolejna witryna sieci \u201eUWR Witryny\u201d","publisher":{"@id":"https:\/\/kolekcjalwowska.uwr.edu.pl\/#organization"},"potentialAction":[{"@type":"SearchAction","target":{"@type":"EntryPoint","urlTemplate":"https:\/\/kolekcjalwowska.uwr.edu.pl\/?s={search_term_string}"},"query-input":{"@type":"PropertyValueSpecification","valueRequired":true,"valueName":"search_term_string"}}],"inLanguage":"en-US"},{"@type":"Organization","@id":"https:\/\/kolekcjalwowska.uwr.edu.pl\/#organization","name":"Testowa Witryna","url":"https:\/\/kolekcjalwowska.uwr.edu.pl\/","logo":{"@type":"ImageObject","inLanguage":"en-US","@id":"https:\/\/kolekcjalwowska.uwr.edu.pl\/#\/schema\/logo\/image\/","url":"https:\/\/kolekcjalwowska.uwr.edu.pl\/wp-content\/uploads\/sites\/594\/2022\/06\/Warstwa_x0020_1@2x-1024x327-1.webp","contentUrl":"https:\/\/kolekcjalwowska.uwr.edu.pl\/wp-content\/uploads\/sites\/594\/2022\/06\/Warstwa_x0020_1@2x-1024x327-1.webp","width":1024,"height":327,"caption":"Testowa Witryna"},"image":{"@id":"https:\/\/kolekcjalwowska.uwr.edu.pl\/#\/schema\/logo\/image\/"}}]}},"publishpress_future_action":{"enabled":false,"date":"2026-05-20 04:11:33","action":"change-status","newStatus":"draft","terms":[],"taxonomy":"category","extraData":[]},"publishpress_future_workflow_manual_trigger":{"enabledWorkflows":[]},"_links":{"self":[{"href":"https:\/\/kolekcjalwowska.uwr.edu.pl\/en\/wp-json\/wp\/v2\/pages\/24724\/"}],"collection":[{"href":"https:\/\/kolekcjalwowska.uwr.edu.pl\/en\/wp-json\/wp\/v2\/pages\/"}],"about":[{"href":"https:\/\/kolekcjalwowska.uwr.edu.pl\/en\/wp-json\/wp\/v2\/types\/page\/"}],"author":[{"embeddable":true,"href":"https:\/\/kolekcjalwowska.uwr.edu.pl\/en\/wp-json\/wp\/v2\/users\/37\/"}],"replies":[{"embeddable":true,"href":"https:\/\/kolekcjalwowska.uwr.edu.pl\/en\/wp-json\/wp\/v2\/comments\/?post=24724"}],"version-history":[{"count":1,"href":"https:\/\/kolekcjalwowska.uwr.edu.pl\/en\/wp-json\/wp\/v2\/pages\/24724\/revisions\/"}],"predecessor-version":[{"id":25111,"href":"https:\/\/kolekcjalwowska.uwr.edu.pl\/en\/wp-json\/wp\/v2\/pages\/24724\/revisions\/25111\/"}],"wp:featuredmedia":[{"embeddable":true,"href":"https:\/\/kolekcjalwowska.uwr.edu.pl\/en\/wp-json\/wp\/v2\/media\/24157\/"}],"wp:attachment":[{"href":"https:\/\/kolekcjalwowska.uwr.edu.pl\/en\/wp-json\/wp\/v2\/media\/?parent=24724"}],"wp:term":[{"taxonomy":"category","embeddable":true,"href":"https:\/\/kolekcjalwowska.uwr.edu.pl\/en\/wp-json\/wp\/v2\/categories\/?post=24724"},{"taxonomy":"post_tag","embeddable":true,"href":"https:\/\/kolekcjalwowska.uwr.edu.pl\/en\/wp-json\/wp\/v2\/tags\/?post=24724"}],"curies":[{"name":"wp","href":"https:\/\/api.w.org\/{rel}","templated":true}]}}